{"id":71,"date":"2023-04-20T10:31:31","date_gmt":"2023-04-20T08:31:31","guid":{"rendered":"https:\/\/intexcompany.com\/?page_id=71"},"modified":"2023-04-20T10:31:31","modified_gmt":"2023-04-20T08:31:31","slug":"zasady-ochrany-osobnich-udaju","status":"publish","type":"page","link":"https:\/\/intexcompany.com\/cs\/zasady-ochrany-osobnich-udaju\/","title":{"rendered":"Z\u00e1sady ochrany osobn\u00edch \u00fadaj\u016f"},"content":{"rendered":"","protected":false},"excerpt":{"rendered":"","protected":false},"author":3,"featured_media":0,"parent":0,"menu_order":6,"comment_status":"closed","ping_status":"closed","template":"","meta":{"_acf_changed":false,"footnotes":""},"class_list":["post-71","page","type-page","status-publish","hentry"],"acf":[],"yoast_head":"<!-- This site is optimized with the Yoast SEO plugin v25.9 - https:\/\/yoast.com\/wordpress\/plugins\/seo\/ -->\n<title>Z\u00e1sady ochrany osobn\u00edch \u00fadaj\u016f - INTEX COMPANY<\/title>\n<meta name=\"description\" content=\"Z\u00e1sady ochrany osobn\u00edch \u00fadaj\u016f - INTEX COMPANY\" \/>\n<meta name=\"robots\" content=\"index, follow, max-snippet:-1, max-image-preview:large, max-video-preview:-1\" \/>\n<link rel=\"canonical\" href=\"https:\/\/intexcompany.com\/zasady-ochrany-osobnich-udaju\/\" \/>\n<meta property=\"og:locale\" content=\"cs_CZ\" \/>\n<meta property=\"og:type\" content=\"article\" \/>\n<meta property=\"og:title\" content=\"Z\u00e1sady ochrany osobn\u00edch \u00fadaj\u016f - INTEX COMPANY\" \/>\n<meta property=\"og:description\" content=\"Z\u00e1sady ochrany osobn\u00edch \u00fadaj\u016f - INTEX COMPANY\" \/>\n<meta property=\"og:url\" content=\"https:\/\/intexcompany.com\/zasady-ochrany-osobnich-udaju\/\" \/>\n<meta property=\"og:site_name\" content=\"INTEX COMPANY\" \/>\n<meta name=\"twitter:card\" content=\"summary_large_image\" \/>\n<script type=\"application\/ld+json\" class=\"yoast-schema-graph\">{\"@context\":\"https:\/\/schema.org\",\"@graph\":[{\"@type\":\"WebPage\",\"@id\":\"https:\/\/intexcompany.com\/zasady-ochrany-osobnich-udaju\/\",\"url\":\"https:\/\/intexcompany.com\/zasady-ochrany-osobnich-udaju\/\",\"name\":\"Z\u00e1sady ochrany osobn\u00edch \u00fadaj\u016f - INTEX COMPANY\",\"isPartOf\":{\"@id\":\"https:\/\/intexcompany.com\/#website\"},\"datePublished\":\"2023-04-20T08:31:31+00:00\",\"description\":\"Z\u00e1sady ochrany osobn\u00edch \u00fadaj\u016f - INTEX COMPANY\",\"breadcrumb\":{\"@id\":\"https:\/\/intexcompany.com\/zasady-ochrany-osobnich-udaju\/#breadcrumb\"},\"inLanguage\":\"cs\",\"potentialAction\":[{\"@type\":\"ReadAction\",\"target\":[\"https:\/\/intexcompany.com\/zasady-ochrany-osobnich-udaju\/\"]}]},{\"@type\":\"BreadcrumbList\",\"@id\":\"https:\/\/intexcompany.com\/zasady-ochrany-osobnich-udaju\/#breadcrumb\",\"itemListElement\":[{\"@type\":\"ListItem\",\"position\":1,\"name\":\"Dom\u016f\",\"item\":\"https:\/\/intexcompany.com\/cs\/\"},{\"@type\":\"ListItem\",\"position\":2,\"name\":\"Z\u00e1sady ochrany osobn\u00edch \u00fadaj\u016f\"}]},{\"@type\":\"WebSite\",\"@id\":\"https:\/\/intexcompany.com\/#website\",\"url\":\"https:\/\/intexcompany.com\/\",\"name\":\"INTEX COMPANY\",\"description\":\"\",\"potentialAction\":[{\"@type\":\"SearchAction\",\"target\":{\"@type\":\"EntryPoint\",\"urlTemplate\":\"https:\/\/intexcompany.com\/?s={search_term_string}\"},\"query-input\":{\"@type\":\"PropertyValueSpecification\",\"valueRequired\":true,\"valueName\":\"search_term_string\"}}],\"inLanguage\":\"cs\"}]}<\/script>\n<!-- \/ Yoast SEO plugin. -->","yoast_head_json":{"title":"Z\u00e1sady ochrany osobn\u00edch \u00fadaj\u016f - INTEX COMPANY","description":"Z\u00e1sady ochrany osobn\u00edch \u00fadaj\u016f - INTEX COMPANY","robots":{"index":"index","follow":"follow","max-snippet":"max-snippet:-1","max-image-preview":"max-image-preview:large","max-video-preview":"max-video-preview:-1"},"canonical":"https:\/\/intexcompany.com\/zasady-ochrany-osobnich-udaju\/","og_locale":"cs_CZ","og_type":"article","og_title":"Z\u00e1sady ochrany osobn\u00edch \u00fadaj\u016f - INTEX COMPANY","og_description":"Z\u00e1sady ochrany osobn\u00edch \u00fadaj\u016f - INTEX COMPANY","og_url":"https:\/\/intexcompany.com\/zasady-ochrany-osobnich-udaju\/","og_site_name":"INTEX COMPANY","twitter_card":"summary_large_image","schema":{"@context":"https:\/\/schema.org","@graph":[{"@type":"WebPage","@id":"https:\/\/intexcompany.com\/zasady-ochrany-osobnich-udaju\/","url":"https:\/\/intexcompany.com\/zasady-ochrany-osobnich-udaju\/","name":"Z\u00e1sady ochrany osobn\u00edch \u00fadaj\u016f - INTEX COMPANY","isPartOf":{"@id":"https:\/\/intexcompany.com\/#website"},"datePublished":"2023-04-20T08:31:31+00:00","description":"Z\u00e1sady ochrany osobn\u00edch \u00fadaj\u016f - INTEX COMPANY","breadcrumb":{"@id":"https:\/\/intexcompany.com\/zasady-ochrany-osobnich-udaju\/#breadcrumb"},"inLanguage":"cs","potentialAction":[{"@type":"ReadAction","target":["https:\/\/intexcompany.com\/zasady-ochrany-osobnich-udaju\/"]}]},{"@type":"BreadcrumbList","@id":"https:\/\/intexcompany.com\/zasady-ochrany-osobnich-udaju\/#breadcrumb","itemListElement":[{"@type":"ListItem","position":1,"name":"Dom\u016f","item":"https:\/\/intexcompany.com\/cs\/"},{"@type":"ListItem","position":2,"name":"Z\u00e1sady ochrany osobn\u00edch \u00fadaj\u016f"}]},{"@type":"WebSite","@id":"https:\/\/intexcompany.com\/#website","url":"https:\/\/intexcompany.com\/","name":"INTEX COMPANY","description":"","potentialAction":[{"@type":"SearchAction","target":{"@type":"EntryPoint","urlTemplate":"https:\/\/intexcompany.com\/?s={search_term_string}"},"query-input":{"@type":"PropertyValueSpecification","valueRequired":true,"valueName":"search_term_string"}}],"inLanguage":"cs"}]}},"_links":{"self":[{"href":"https:\/\/intexcompany.com\/cs\/wp-json\/wp\/v2\/pages\/71","targetHints":{"allow":["GET"]}}],"collection":[{"href":"https:\/\/intexcompany.com\/cs\/wp-json\/wp\/v2\/pages"}],"about":[{"href":"https:\/\/intexcompany.com\/cs\/wp-json\/wp\/v2\/types\/page"}],"author":[{"embeddable":true,"href":"https:\/\/intexcompany.com\/cs\/wp-json\/wp\/v2\/users\/3"}],"replies":[{"embeddable":true,"href":"https:\/\/intexcompany.com\/cs\/wp-json\/wp\/v2\/comments?post=71"}],"version-history":[{"count":0,"href":"https:\/\/intexcompany.com\/cs\/wp-json\/wp\/v2\/pages\/71\/revisions"}],"wp:attachment":[{"href":"https:\/\/intexcompany.com\/cs\/wp-json\/wp\/v2\/media?parent=71"}],"curies":[{"name":"wp","href":"https:\/\/api.w.org\/{rel}","templated":true}]}}