{"id":11,"date":"2023-04-19T14:05:17","date_gmt":"2023-04-19T12:05:17","guid":{"rendered":"https:\/\/intexcompany.com\/?page_id=11"},"modified":"2026-04-13T14:57:56","modified_gmt":"2026-04-13T12:57:56","slug":"uvodni-stranka","status":"publish","type":"page","link":"https:\/\/intexcompany.com\/cs\/","title":{"rendered":"\u00davodn\u00ed str\u00e1nka"},"content":{"rendered":"","protected":false},"excerpt":{"rendered":"","protected":false},"author":3,"featured_media":0,"parent":0,"menu_order":2,"comment_status":"closed","ping_status":"closed","template":"front-page.php","meta":{"_acf_changed":false,"footnotes":""},"class_list":["post-11","page","type-page","status-publish","hentry"],"acf":[],"yoast_head":"<!-- This site is optimized with the Yoast SEO plugin v27.4 - https:\/\/yoast.com\/product\/yoast-seo-wordpress\/ -->\n<title>Intex- official website<\/title>\n<meta name=\"description\" content=\"Above ground pools, PureSpa hot tubs to inflatable beds, boats, furniture, toys and much more! You can find our Intex products in more than 100 countries around the world.\" \/>\n<meta name=\"robots\" content=\"index, follow, max-snippet:-1, max-image-preview:large, max-video-preview:-1\" \/>\n<link rel=\"canonical\" href=\"https:\/\/intexcompany.com\/cs\/\" \/>\n<meta property=\"og:locale\" content=\"cs_CZ\" \/>\n<meta property=\"og:type\" content=\"article\" \/>\n<meta property=\"og:title\" content=\"Intex- official website\" \/>\n<meta property=\"og:description\" content=\"Above ground pools, PureSpa hot tubs to inflatable beds, boats, furniture, toys and much more! You can find our Intex products in more than 100 countries around the world.\" \/>\n<meta property=\"og:url\" content=\"https:\/\/intexcompany.com\/cs\/\" \/>\n<meta property=\"og:site_name\" content=\"INTEX COMPANY\" \/>\n<meta property=\"article:modified_time\" content=\"2026-04-13T12:57:56+00:00\" \/>\n<meta property=\"og:image\" content=\"https:\/\/intexcompany.com\/wp-content\/uploads\/2023\/04\/meta-image.jpg\" \/>\n\t<meta property=\"og:image:width\" content=\"900\" \/>\n\t<meta property=\"og:image:height\" content=\"599\" \/>\n\t<meta property=\"og:image:type\" content=\"image\/jpeg\" \/>\n<meta name=\"twitter:card\" content=\"summary_large_image\" \/>\n<meta name=\"twitter:title\" content=\"Intex- official website\" \/>\n<meta name=\"twitter:description\" content=\"Above ground pools, PureSpa hot tubs to inflatable beds, boats, furniture, toys and much more! You can find our Intex products in more than 100 countries around the world.\" \/>\n<meta name=\"twitter:image\" content=\"https:\/\/intexcompany.com\/wp-content\/uploads\/2023\/04\/meta-image.jpg\" \/>\n<script type=\"application\/ld+json\" class=\"yoast-schema-graph\">{\"@context\":\"https:\\\/\\\/schema.org\",\"@graph\":[{\"@type\":\"WebPage\",\"@id\":\"https:\\\/\\\/intexcompany.com\\\/cs\\\/\",\"url\":\"https:\\\/\\\/intexcompany.com\\\/cs\\\/\",\"name\":\"Intex- official website\",\"isPartOf\":{\"@id\":\"https:\\\/\\\/intexcompany.com\\\/#website\"},\"datePublished\":\"2023-04-19T12:05:17+00:00\",\"dateModified\":\"2026-04-13T12:57:56+00:00\",\"description\":\"Above ground pools, PureSpa hot tubs to inflatable beds, boats, furniture, toys and much more! You can find our Intex products in more than 100 countries around the world.\",\"breadcrumb\":{\"@id\":\"https:\\\/\\\/intexcompany.com\\\/cs\\\/#breadcrumb\"},\"inLanguage\":\"cs\",\"potentialAction\":[{\"@type\":\"ReadAction\",\"target\":[\"https:\\\/\\\/intexcompany.com\\\/cs\\\/\"]}]},{\"@type\":\"BreadcrumbList\",\"@id\":\"https:\\\/\\\/intexcompany.com\\\/cs\\\/#breadcrumb\",\"itemListElement\":[{\"@type\":\"ListItem\",\"position\":1,\"name\":\"Dom\u016f\",\"item\":\"https:\\\/\\\/intexcompany.com\\\/cs\\\/\"},{\"@type\":\"ListItem\",\"position\":2,\"name\":\"\u00davodn\u00ed str\u00e1nka\"}]},{\"@type\":\"WebSite\",\"@id\":\"https:\\\/\\\/intexcompany.com\\\/#website\",\"url\":\"https:\\\/\\\/intexcompany.com\\\/\",\"name\":\"INTEX COMPANY\",\"description\":\"\",\"potentialAction\":[{\"@type\":\"SearchAction\",\"target\":{\"@type\":\"EntryPoint\",\"urlTemplate\":\"https:\\\/\\\/intexcompany.com\\\/?s={search_term_string}\"},\"query-input\":{\"@type\":\"PropertyValueSpecification\",\"valueRequired\":true,\"valueName\":\"search_term_string\"}}],\"inLanguage\":\"cs\"}]}<\/script>\n<!-- \/ Yoast SEO plugin. -->","yoast_head_json":{"title":"Intex- official website","description":"Above ground pools, PureSpa hot tubs to inflatable beds, boats, furniture, toys and much more! You can find our Intex products in more than 100 countries around the world.","robots":{"index":"index","follow":"follow","max-snippet":"max-snippet:-1","max-image-preview":"max-image-preview:large","max-video-preview":"max-video-preview:-1"},"canonical":"https:\/\/intexcompany.com\/cs\/","og_locale":"cs_CZ","og_type":"article","og_title":"Intex- official website","og_description":"Above ground pools, PureSpa hot tubs to inflatable beds, boats, furniture, toys and much more! You can find our Intex products in more than 100 countries around the world.","og_url":"https:\/\/intexcompany.com\/cs\/","og_site_name":"INTEX COMPANY","article_modified_time":"2026-04-13T12:57:56+00:00","og_image":[{"width":900,"height":599,"url":"https:\/\/intexcompany.com\/wp-content\/uploads\/2023\/04\/meta-image.jpg","type":"image\/jpeg"}],"twitter_card":"summary_large_image","twitter_title":"Intex- official website","twitter_description":"Above ground pools, PureSpa hot tubs to inflatable beds, boats, furniture, toys and much more! You can find our Intex products in more than 100 countries around the world.","twitter_image":"https:\/\/intexcompany.com\/wp-content\/uploads\/2023\/04\/meta-image.jpg","schema":{"@context":"https:\/\/schema.org","@graph":[{"@type":"WebPage","@id":"https:\/\/intexcompany.com\/cs\/","url":"https:\/\/intexcompany.com\/cs\/","name":"Intex- official website","isPartOf":{"@id":"https:\/\/intexcompany.com\/#website"},"datePublished":"2023-04-19T12:05:17+00:00","dateModified":"2026-04-13T12:57:56+00:00","description":"Above ground pools, PureSpa hot tubs to inflatable beds, boats, furniture, toys and much more! You can find our Intex products in more than 100 countries around the world.","breadcrumb":{"@id":"https:\/\/intexcompany.com\/cs\/#breadcrumb"},"inLanguage":"cs","potentialAction":[{"@type":"ReadAction","target":["https:\/\/intexcompany.com\/cs\/"]}]},{"@type":"BreadcrumbList","@id":"https:\/\/intexcompany.com\/cs\/#breadcrumb","itemListElement":[{"@type":"ListItem","position":1,"name":"Dom\u016f","item":"https:\/\/intexcompany.com\/cs\/"},{"@type":"ListItem","position":2,"name":"\u00davodn\u00ed str\u00e1nka"}]},{"@type":"WebSite","@id":"https:\/\/intexcompany.com\/#website","url":"https:\/\/intexcompany.com\/","name":"INTEX COMPANY","description":"","potentialAction":[{"@type":"SearchAction","target":{"@type":"EntryPoint","urlTemplate":"https:\/\/intexcompany.com\/?s={search_term_string}"},"query-input":{"@type":"PropertyValueSpecification","valueRequired":true,"valueName":"search_term_string"}}],"inLanguage":"cs"}]}},"_links":{"self":[{"href":"https:\/\/intexcompany.com\/cs\/wp-json\/wp\/v2\/pages\/11","targetHints":{"allow":["GET"]}}],"collection":[{"href":"https:\/\/intexcompany.com\/cs\/wp-json\/wp\/v2\/pages"}],"about":[{"href":"https:\/\/intexcompany.com\/cs\/wp-json\/wp\/v2\/types\/page"}],"author":[{"embeddable":true,"href":"https:\/\/intexcompany.com\/cs\/wp-json\/wp\/v2\/users\/3"}],"replies":[{"embeddable":true,"href":"https:\/\/intexcompany.com\/cs\/wp-json\/wp\/v2\/comments?post=11"}],"version-history":[{"count":14,"href":"https:\/\/intexcompany.com\/cs\/wp-json\/wp\/v2\/pages\/11\/revisions"}],"predecessor-version":[{"id":443,"href":"https:\/\/intexcompany.com\/cs\/wp-json\/wp\/v2\/pages\/11\/revisions\/443"}],"wp:attachment":[{"href":"https:\/\/intexcompany.com\/cs\/wp-json\/wp\/v2\/media?parent=11"}],"curies":[{"name":"wp","href":"https:\/\/api.w.org\/{rel}","templated":true}]}}